{"id":9,"date":"2026-04-07T16:30:37","date_gmt":"2026-04-07T16:30:37","guid":{"rendered":"https:\/\/diagsono.cloudcontrol.com.br\/index.php\/empresa\/"},"modified":"2026-04-07T16:30:37","modified_gmt":"2026-04-07T16:30:37","slug":"empresa","status":"publish","type":"page","link":"https:\/\/diagsono.cloudcontrol.com.br\/index.php\/empresa\/","title":{"rendered":"Empresa"},"content":{"rendered":"<h2>Empresa<\/h2>\n<p>Diagsono \u2013 Diagn\u00f3sticos M\u00e9dicos LTDA.<\/p>\n<p>Respons\u00e1vel T\u00e9cnico: Dr. Renato G. Fragomeni \u2013 CRM-RS 20.700<\/p>\n","protected":false},"excerpt":{"rendered":"<p>Empresa Diagsono \u2013 Diagn\u00f3sticos M\u00e9dicos LTDA. Respons\u00e1vel T\u00e9cnico: Dr. Renato G. Fragomeni \u2013 CRM-RS 20.700<\/p>\n","protected":false},"author":1,"featured_media":0,"parent":0,"menu_order":0,"comment_status":"closed","ping_status":"closed","template":"","meta":{"footnotes":""},"class_list":["post-9","page","type-page","status-publish","hentry"],"_links":{"self":[{"href":"https:\/\/diagsono.cloudcontrol.com.br\/index.php\/wp-json\/wp\/v2\/pages\/9","targetHints":{"allow":["GET"]}}],"collection":[{"href":"https:\/\/diagsono.cloudcontrol.com.br\/index.php\/wp-json\/wp\/v2\/pages"}],"about":[{"href":"https:\/\/diagsono.cloudcontrol.com.br\/index.php\/wp-json\/wp\/v2\/types\/page"}],"author":[{"embeddable":true,"href":"https:\/\/diagsono.cloudcontrol.com.br\/index.php\/wp-json\/wp\/v2\/users\/1"}],"replies":[{"embeddable":true,"href":"https:\/\/diagsono.cloudcontrol.com.br\/index.php\/wp-json\/wp\/v2\/comments?post=9"}],"version-history":[{"count":0,"href":"https:\/\/diagsono.cloudcontrol.com.br\/index.php\/wp-json\/wp\/v2\/pages\/9\/revisions"}],"wp:attachment":[{"href":"https:\/\/diagsono.cloudcontrol.com.br\/index.php\/wp-json\/wp\/v2\/media?parent=9"}],"curies":[{"name":"wp","href":"https:\/\/api.w.org\/{rel}","templated":true}]}}